{"id":2661,"date":"2017-03-24T22:47:58","date_gmt":"2017-03-24T21:47:58","guid":{"rendered":"http:\/\/chlebotrans.sk\/?page_id=2661"},"modified":"2025-11-30T14:39:15","modified_gmt":"2025-11-30T13:39:15","slug":"ochrana-osobnych-udajov","status":"publish","type":"page","link":"https:\/\/chlebotrans.sk\/de\/ochrana-osobnych-udajov\/","title":{"rendered":"Ochrana osobn\u00fdch \u00fadajov"},"content":{"rendered":"<h3>Ochrana a spracovanie osobn\u00fdch \u00fadajov, pr\u00e1va\u00a0dotknutej osoby<\/h3>\n<div class=\"obsah_stranky offset-top-30 text-gray-900\">\n<h4>1. Spr\u00e1vca a rozsah osobn\u00fdch \u00fadajov<\/h4>\n<p>S\u00fahlasom so spracovan\u00ed osobn\u00fdch \u00fadajov povo\u013euje dotknut\u00e1 osoba spolo\u010dnosti <span class=\"ra\">CHLEBO TRANS, s.r.o.,\u00a0<\/span><span class=\"ra\">A. Hlinku\u00a0<\/span><span class=\"ra\">906\/16,\u00a0<\/span><span class=\"ra\">Detva\u00a0<\/span><span class=\"ra\">962 12<\/span>, I\u010cO: 50 701 886 zap\u00edsan\u00e9ho v OR OS Bansk\u00e1 Bystrica. Oddiel: Sro, Vlo\u017eka \u010d\u00edslo: 31403\/S\/S (\u010ealej len \u201eSpr\u00e1vca\u201c), aby v zmysle z\u00e1kona \u010d. 18\/2018 Z. z. o ochrane osobn\u00fdch \u00fadajov a o zmene a doplnen\u00ed niektor\u00fdch z\u00e1konov (\u010falej len \u201ez\u00e1kon o ochrane osobn\u00fdch \u00fadajov\u201c) spracov\u00e1vala tieto osobn\u00e9 \u00fadaje dotknutej osoby:<\/p>\n<ul class=\"list-check secondry\">\n<li>meno a priezvisko<\/li>\n<li>n\u00e1zov spolo\u010dnosti<\/li>\n<li>adresa<\/li>\n<li>e-mail<\/li>\n<li>telef\u00f3nne \u010d\u00edslo<\/li>\n<\/ul>\n<h4>2. Spracovanie osobn\u00fdch \u00fadajov<\/h4>\n<p>S\u00fahlasom so spracovan\u00edm osobn\u00fdch \u00fadajov ude\u013euje dotknut\u00e1 osoba svoj v\u00fdslovn\u00fd s\u00fahlas so spracovan\u00edm vy\u0161\u0161ie uveden\u00fdch \u00fadajov. S\u00fahlas mo\u017eno vzia\u0165 kedyko\u013evek sp\u00e4\u0165, a to napr\u00edklad zaslan\u00edm emailu alebo zaslan\u00edm listu na\u00a0<a href=\"\/kontakt\/\">kontaktn\u00e9 \u00fadaje<\/a>\u00a0spr\u00e1vcovi.<\/p>\n<p>Meno, priezvisko, n\u00e1zov spolo\u010dnosti, adresa, telef\u00f3nne \u010d\u00edslo a e-mail je nutn\u00e9 spracova\u0165 za \u00fa\u010delom obchodnej \u010dinnosti s poskytovate\u013eom \u00fadajov.\u00a0Tieto \u00fadaje bud\u00fa Spr\u00e1vcom spracovan\u00e9 po dobu neur\u010dit\u00fa.<\/p>\n<p>Spracovanie osobn\u00fdch \u00fadajov je vykon\u00e1van\u00e9 Spr\u00e1vcom.<\/p>\n<ul>\n<li>Osobn\u00e9 \u00fadaje m\u00f4\u017ee spracov\u00e1va\u0165 aj poskytovate\u013e webhostingu: WebHouse, s.r.o.,<strong>\u00a0<\/strong>Paul\u00ednska 20,\u00a0917 01 Trnava. I\u010cO: 36743852.<\/li>\n<li>In\u00e9mu spracovate\u013eovi sa \u00fadaje neposkytuj\u00fa<\/li>\n<\/ul>\n<h4>3. Pr\u00e1va na opravu, zabudnutie a pr\u00edstup k osobn\u00fdm \u00fadajom dotknutej osoby<\/h4>\n<p>Pros\u00edm vezmite na vedomie, \u017ee pod\u013ea z\u00e1kona o ochrane osobn\u00fdch \u00fadajov m\u00e1 dotknut\u00e1 osoba pr\u00e1vo:<\/p>\n<ul class=\"list-check secondry\">\n<li>vzia\u0165 s\u00fahlas kedyko\u013evek sp\u00e4\u0165,<\/li>\n<li>vy\u017eiada\u0165 od n\u00e1s inform\u00e1ciu, ak\u00e9 va\u0161e osobn\u00e9 \u00fadaje spracov\u00e1vame,<\/li>\n<li>vy\u017eiada\u0165 od n\u00e1s vysvetlenie oh\u013eadne spracovania osobn\u00fdch \u00fadajov,<\/li>\n<li>vy\u017eiada\u0165 si u n\u00e1s v\u00fdpis t\u00fdchto \u00fadajov a tieto necha\u0165 aktualizova\u0165 alebo opravi\u0165,<\/li>\n<li>po\u017eadova\u0165 od n\u00e1s vymazanie t\u00fdchto osobn\u00fdch \u00fadajov,<\/li>\n<li>v pr\u00edpade pochybnost\u00ed o dodr\u017eiavan\u00ed povinnost\u00ed s\u00favisiacich so spracovan\u00edm osobn\u00fdch \u00fadajov obr\u00e1ti\u0165 sa na n\u00e1s alebo na \u00darad na ochranu osobn\u00fdch \u00fadajov.<\/li>\n<\/ul>\n<\/div>\n","protected":false},"excerpt":{"rendered":"<p>Ochrana a spracovanie osobn\u00fdch \u00fadajov, pr\u00e1va\u00a0dotknutej osoby<\/p>\n<p>1. Spr\u00e1vca a rozsah osobn\u00fdch \u00fadajov<\/p>\n<p>S\u00fahlasom so spracovan\u00ed osobn\u00fdch \u00fadajov povo\u013euje dotknut\u00e1 osoba spolo\u010dnosti CHLEBO TRANS, s.r.o.,\u00a0A. Hlinku\u00a0906\/16,\u00a0Detva\u00a0962 12,<\/p>\n","protected":false},"author":1,"featured_media":0,"parent":0,"menu_order":0,"comment_status":"closed","ping_status":"closed","template":"","meta":{"footnotes":""},"class_list":["post-2661","page","type-page","status-publish","hentry"],"translation":{"provider":"WPGlobus","version":"3.0.0","language":"de","enabled_languages":["sk","de","en"],"languages":{"sk":{"title":true,"content":true,"excerpt":false},"de":{"title":false,"content":false,"excerpt":false},"en":{"title":true,"content":true,"excerpt":false}}},"_links":{"self":[{"href":"https:\/\/chlebotrans.sk\/de\/wp-json\/wp\/v2\/pages\/2661","targetHints":{"allow":["GET"]}}],"collection":[{"href":"https:\/\/chlebotrans.sk\/de\/wp-json\/wp\/v2\/pages"}],"about":[{"href":"https:\/\/chlebotrans.sk\/de\/wp-json\/wp\/v2\/types\/page"}],"author":[{"embeddable":true,"href":"https:\/\/chlebotrans.sk\/de\/wp-json\/wp\/v2\/users\/1"}],"replies":[{"embeddable":true,"href":"https:\/\/chlebotrans.sk\/de\/wp-json\/wp\/v2\/comments?post=2661"}],"version-history":[{"count":5,"href":"https:\/\/chlebotrans.sk\/de\/wp-json\/wp\/v2\/pages\/2661\/revisions"}],"predecessor-version":[{"id":2906,"href":"https:\/\/chlebotrans.sk\/de\/wp-json\/wp\/v2\/pages\/2661\/revisions\/2906"}],"wp:attachment":[{"href":"https:\/\/chlebotrans.sk\/de\/wp-json\/wp\/v2\/media?parent=2661"}],"curies":[{"name":"wp","href":"https:\/\/api.w.org\/{rel}","templated":true}]}}