{"id":2580,"date":"2017-03-23T10:50:03","date_gmt":"2017-03-23T09:50:03","guid":{"rendered":"http:\/\/chlebotrans.sk\/?page_id=2580"},"modified":"2025-11-30T14:43:28","modified_gmt":"2025-11-30T13:43:28","slug":"domov","status":"publish","type":"page","link":"https:\/\/chlebotrans.sk\/de\/","title":{"rendered":"Domov"},"content":{"rendered":"<p>[vc_row full_width=&#8221;stretch_row_content_no_spaces&#8221;][vc_column][rev_slider_vc alias=&#8221;truck_press_slider_1&#8243;][\/vc_column][\/vc_row]<br \/>\n[vc_row full_width=&#8221;stretch_row&#8221; css=&#8221;.vc_custom_1490390855190{background-color: #fcfcfc !important;}&#8221;][vc_column][vc_empty_space height=&#8221;50px&#8221;][vc_row_inner][vc_column_inner width=&#8221;1\/3&#8243;]<div class=\" icon-box\">\n\t\t\t\t <span class=\"tp-icon flaticon-international11\"><\/span>\n\t\t\t\t<div class=\"icon-content\"><h3 class=\"icon-title\">MEDZIN\u00c1RODN\u00c1 A VN\u00daTRO\u0160T\u00c1TNA AUTODOPRAVU<\/h3><p><span style=\"color: #333333;\">Zameriavame sa na medzin\u00e1rodn\u00fa a vn\u00fatro\u0161t\u00e1tnu autodopravu\u00a0<\/span>+ \u0161ped\u00edcia v r\u00e1mci celej EU aj mimo nej.<\/p>\n<\/div>\n\t\t\t<\/div>[\/vc_column_inner][vc_column_inner width=&#8221;1\/3&#8243;]<div class=\" icon-box\">\n\t\t\t\t <span class=\"tp-icon flaticon-delivery36\"><\/span>\n\t\t\t\t<div class=\"icon-content\"><h3 class=\"icon-title\">Preprava kusov\u00fdch z\u00e1sielok od 1 kg do 5500kg<\/h3><p>Pon\u00fakame prepravu kusov\u00fdch z\u00e1sielok od 1 kg do 5500kg. \u0160pecializujeme sa na r\u00fdchle expresn\u00e9 transporty s term\u00ednom dod\u00e1vky do 24 h.<\/p>\n<\/div>\n\t\t\t<\/div>[\/vc_column_inner][vc_column_inner width=&#8221;1\/3&#8243;]<div class=\" icon-box\">\n\t\t\t\t <span class=\"tp-icon flaticon-two205\"><\/span>\n\t\t\t\t<div class=\"icon-content\"><h3 class=\"icon-title\">Spolupracujeme s renomovan\u00fdmi autodopravcami<\/h3><p>Spolupracujeme s renomovan\u00fdmi autodopravcami a\u017e do 24 ton, ktor\u00fdch kvalitu slu\u017eieb m\u00e1me preveren\u00fa rokmi spolupr\u00e1ce.<\/p>\n<\/div>\n\t\t\t<\/div>[\/vc_column_inner][\/vc_row_inner][vc_empty_space height=&#8221;50px&#8221;][\/vc_column][\/vc_row][vc_row][vc_column width=&#8221;2\/3&#8243;][vc_empty_space height=&#8221;35px&#8221;][vc_row_inner][vc_column_inner]<div class=\"lp-heading  \">\n                <h4>Novinky<\/h4>\n                <div class=\"border\"><\/div>\n            <\/div>[vc_column_text]<\/p>\n<h4 dir=\"auto\">Nov\u00e1 kombin\u00e1cia na expres<\/h4>\n<div dir=\"auto\"><span style=\"color: #333333;\">Odvezieme 5eu pal. 1,7t. \/max do v\u00fd\u0161ky pal.1,15m.<\/span><\/div>\n<p>[\/vc_column_text][vc_gallery type=&#8221;image_grid&#8221; images=&#8221;2815&#8243; css=&#8221;.vc_custom_1619157782346{margin-top: 15px !important;margin-bottom: 30px !important;}&#8221;][vc_empty_space][vc_column_text]<\/p>\n<h4 dir=\"auto\"><strong>3x Iveco Eurocargo 7.5t, 16 euro paliet, nosnos\u0165 3t.<\/strong><\/h4>\n<p>[\/vc_column_text][vc_gallery type=&#8221;image_grid&#8221; images=&#8221;2803,2804&#8243; css=&#8221;.vc_custom_1583743165709{margin-top: 15px !important;margin-bottom: 30px !important;}&#8221;][vc_empty_space][vc_column_text]<\/p>\n<h4 dir=\"auto\"><strong>MAN TGL 12T, 22 eupal, nosnos\u0165 5,5t.<\/strong><\/h4>\n<p>[\/vc_column_text][vc_gallery type=&#8221;image_grid&#8221; images=&#8221;2868,2869&#8243; css=&#8221;.vc_custom_1684308995842{margin-top: 15px !important;margin-bottom: 30px !important;}&#8221;][vc_empty_space][vc_column_text]<\/p>\n<h4>Toto leto sme podporili Letn\u00fd Tane\u010dn\u00fd t\u00e1bor WANTED 13.08.- 18.08.2017.<\/h4>\n<p><span style=\"color: #333333;\">Tentokr\u00e1t sme sa rozhodli podpori\u0165 umenie a mlad\u00fdch, talentovan\u00fdch \u013eud\u00ed ktor\u00ed reprezentuj\u00fa tanec.\u00a0<\/span><br \/>\n<span style=\"color: #333333;\">Jubilejn\u00fd 10.ro\u010dn\u00edk LTT WANTED<\/span><\/p>\n<ul>\n<li><span style=\"color: #333333;\">6 dn\u00ed<\/span><\/li>\n<li><span style=\"color: #333333;\">57 tane\u010dn\u00edkov<\/span><\/li>\n<li><span style=\"color: #333333;\"><span class=\"text_exposed_show\">11 lektorov<\/span><\/span><\/li>\n<li><span style=\"color: #333333;\"><span class=\"text_exposed_show\">18 workshopov<\/span><\/span><\/li>\n<li><span style=\"color: #333333;\"><span class=\"text_exposed_show\">7 anim\u00e1torov<\/span><\/span><\/li>\n<\/ul>\n<p><span style=\"color: #333333;\"><span class=\"text_exposed_show\">&#8230;v\u00fdlety, hry, s\u00fa\u0165a\u017ee, workshopy, battle, party, dar\u010deky, prekvapenia&#8230;<br \/>\nZ\u00c1BAVA A LETN\u00c9 Z\u00c1\u017dITKY S WANTED TANE\u010cNOU RODINOU<\/span><\/span>[\/vc_column_text][vc_gallery type=&#8221;image_grid&#8221; images=&#8221;2774,2775,2776,2777,2778,2779,2780,2781&#8243; img_size=&#8221;200&#215;150&#8243; css=&#8221;.vc_custom_1507927904774{margin-top: 15px !important;margin-bottom: 30px !important;}&#8221;][vc_empty_space][vc_column_text]<\/p>\n<h4>CHLEBO TRANS, s.r.o podporuje hokej v Detve<span class=\"_5mfr _47e3\"><img loading=\"lazy\" decoding=\"async\" class=\"img\" src=\"https:\/\/www.facebook.com\/images\/emoji.php\/v9\/fb2\/1.5\/16\/1f3d2.png\" alt=\"\" width=\"16\" height=\"16\" \/><\/span>\u00a0s HC 07 DETVA<\/h4>\n<p><span style=\"color: #333333;\">CHLEBO TRANS, s.r.o. ako \u00faspe\u0161n\u00e1 a st\u00e1le rast\u00faca spolo\u010dnos\u0165 c\u00edti potrebu pom\u00e1ha\u0165 a podporova\u0165 dobr\u00e9 veci. Tentokr\u00e1t sme sa rozhodli podpori\u0165 v na\u0161om meste hokej, nako\u013eko sme historicky prv\u00fd kr\u00e1t v TIPSPORT LIGE 2017\/2018. Chlapcom prajeme \u00faspe\u0161n\u00fa sez\u00f3nu a ve\u013ea bodov do tabu\u013eky.<\/span>[\/vc_column_text][vc_gallery type=&#8221;image_grid&#8221; images=&#8221;2767,2768,2769,2770,2771,2772&#8243; img_size=&#8221;200&#215;150&#8243; css=&#8221;.vc_custom_1507927561688{margin-top: 15px !important;margin-bottom: 30px !important;}&#8221;][vc_empty_space][vc_column_text]<\/p>\n<h4>Iveco Daily 3.0 , 10 paletov\u00e9 , nosnos\u0165 1,1t.<\/h4>\n<p>[\/vc_column_text][vc_gallery type=&#8221;image_grid&#8221; images=&#8221;2755,2757,2756&#8243; img_size=&#8221;200&#215;150&#8243; css=&#8221;.vc_custom_1507138393134{margin-top: 15px !important;margin-bottom: 30px !important;}&#8221;][vc_empty_space][vc_column_text]<\/p>\n<h4>Auto s voz\u00edkom &#8211; mo\u017enos\u0165 prepravy 9 eu.paliet s nosnos\u0165ou 3,2\u00a0t.<\/h4>\n<p>[\/vc_column_text][vc_gallery type=&#8221;image_grid&#8221; images=&#8221;2728&#8243; img_size=&#8221;medium&#8221; css=&#8221;.vc_custom_1507138119548{margin-top: 15px !important;margin-bottom: 30px !important;}&#8221;][\/vc_column_inner][\/vc_row_inner][vc_empty_space height=&#8221;35px&#8221;][vc_row_inner][vc_column_inner]<div class=\"lp-heading  \">\n                <h4>Vozov\u00fd park<\/h4>\n                <div class=\"border\"><\/div>\n            <\/div>[\/vc_column_inner][\/vc_row_inner][vc_empty_space height=&#8221;35px&#8221;][vc_row_inner][vc_column_inner][vc_column_text]<span style=\"color: #333333;\">Na\u0161e vozil\u00e1 s\u00fa vybaven\u00e9 monitorovac\u00edm syst\u00e9mom GPS, tak\u017ee V\u00e1s vieme okam\u017eite informova\u0165 o polohe va\u0161ej z\u00e1sielky, tie\u017e aj o jej priebehu, nalo\u017een\u00ed a vylo\u017een\u00ed tovaru.<\/span>[\/vc_column_text][\/vc_column_inner][\/vc_row_inner][vc_empty_space height=&#8221;70px&#8221;][\/vc_column][vc_column width=&#8221;1\/3&#8243;][vc_empty_space height=&#8221;35px&#8221;][vc_row_inner][vc_column_inner]<div class=\"lp-heading  \">\n                <h4>Kontakt<\/h4>\n                <div class=\"border\"><\/div>\n            <\/div>[vc_empty_space height=&#8221;20px&#8221;][vc_column_text]<span class=\"ra\" style=\"color: #333333;\">CHLEBO TRANS, s.r.o. <\/span><br \/>\n<span style=\"color: #333333;\"><span class=\"ra\">A. Hlinku <\/span><span class=\"ra\">906\/16 <\/span><\/span><br \/>\n<span style=\"color: #333333;\"><span class=\"ra\">Detva <\/span><span class=\"ra\">962 12<\/span><\/span><\/p>\n<p><span style=\"color: #333333;\">Mail<\/span><br \/>\n<strong><a href=\"mailto:vchlebo@chlebotrans.sk\">vchlebo@chlebotrans.sk<\/a><\/strong><\/p>\n<p><span style=\"color: #333333;\">Telef\u00f3n<\/span><br \/>\n<span style=\"color: #333333;\"><strong>0907 170 385<\/strong><\/span>[\/vc_column_text][vc_empty_space height=&#8221;40px&#8221;][\/vc_column_inner][\/vc_row_inner][vc_row_inner el_class=&#8221;ziadost_cenova_domov&#8221;][vc_column_inner][vc_column_text]<\/p>\n<div class=\"provide-button\"><a class=\"btn btn-primary\" href=\"http:\/\/chlebotrans.sk\/cenova-ponuka\/\"> Chcem cenov\u00fa ponuku <\/a><\/div>\n<p>[\/vc_column_text][vc_empty_space height=&#8221;40px&#8221;][\/vc_column_inner][\/vc_row_inner][vc_row_inner][vc_column_inner]<div class=\"lp-heading  \">\n                <h4>Nap\u00ed\u0161te n\u00e1m<\/h4>\n                <div class=\"border\"><\/div>\n            <\/div>[vc_empty_space height=&#8221;25px&#8221;]\n<div class=\"wpcf7 no-js\" id=\"wpcf7-f1991-o1\" lang=\"en-US\" dir=\"ltr\" data-wpcf7-id=\"1991\">\n<div class=\"screen-reader-response\"><p role=\"status\" aria-live=\"polite\" aria-atomic=\"true\"><\/p> <ul><\/ul><\/div>\n<form action=\"\/de\/wp-json\/wp\/v2\/pages\/2580#wpcf7-f1991-o1\" method=\"post\" class=\"wpcf7-form init\" aria-label=\"Contact form\" novalidate=\"novalidate\" data-status=\"init\">\n<fieldset class=\"hidden-fields-container\"><input type=\"hidden\" name=\"_wpcf7\" value=\"1991\" \/><input type=\"hidden\" name=\"_wpcf7_version\" value=\"6.1.4\" \/><input type=\"hidden\" name=\"_wpcf7_locale\" value=\"en_US\" \/><input type=\"hidden\" name=\"_wpcf7_unit_tag\" value=\"wpcf7-f1991-o1\" \/><input type=\"hidden\" name=\"_wpcf7_container_post\" value=\"0\" \/><input type=\"hidden\" name=\"_wpcf7_posted_data_hash\" value=\"\" \/>\n<\/fieldset>\n<div>\n\t<p><span class=\"wpcf7-form-control-wrap\" data-name=\"your-name\"><input size=\"40\" maxlength=\"400\" class=\"wpcf7-form-control wpcf7-text wpcf7-validates-as-required\" aria-required=\"true\" aria-invalid=\"false\" placeholder=\"Meno*\" value=\"\" type=\"text\" name=\"your-name\" \/><\/span>\n\t<\/p>\n<\/div>\n<div>\n\t<p><span class=\"wpcf7-form-control-wrap\" data-name=\"your-email\"><input size=\"40\" maxlength=\"400\" class=\"wpcf7-form-control wpcf7-email wpcf7-validates-as-required wpcf7-text wpcf7-validates-as-email\" aria-required=\"true\" aria-invalid=\"false\" placeholder=\"Email*\" value=\"\" type=\"email\" name=\"your-email\" \/><\/span>\n\t<\/p>\n<\/div>\n<div>\n\t<p><span class=\"wpcf7-form-control-wrap\" data-name=\"your-message\"><textarea cols=\"40\" rows=\"10\" maxlength=\"2000\" class=\"wpcf7-form-control wpcf7-textarea\" aria-invalid=\"false\" placeholder=\"Spr\u00e1va...\" name=\"your-message\"><\/textarea><\/span>\n\t<\/p>\n<\/div>\n<div>\n\t<p><span class=\"wpcf7-form-control-wrap\" data-name=\"acceptance-186\"><span class=\"wpcf7-form-control wpcf7-acceptance\"><span class=\"wpcf7-list-item\"><label><input type=\"checkbox\" name=\"acceptance-186\" value=\"1\" aria-invalid=\"false\" \/><span class=\"wpcf7-list-item-label\">S\u00fahlas\u00edm so spracovan\u00edm <a href=\"\/ochrana-osobnych-udajov\/\" target=\"_blank\">osobn\u00fdch \u00fadajov<\/a> v zmysle GDPR.<\/span><\/label><\/span><\/span><\/span>\n\t<\/p>\n<\/div>\n<div style=\"display:none;\">\n\t<p><span class=\"wpcf7-form-control-wrap\" data-name=\"honeypot-field\"><input size=\"40\" maxlength=\"400\" class=\"wpcf7-form-control wpcf7-text\" aria-invalid=\"false\" value=\"\" type=\"text\" name=\"honeypot-field\" \/><\/span>\n\t<\/p>\n<\/div>\n<div>\n\t<p><input class=\"wpcf7-form-control wpcf7-submit has-spinner\" type=\"submit\" value=\"Odosla\u0165\" \/>\n\t<\/p>\n<\/div><div class=\"wpcf7-response-output\" aria-hidden=\"true\"><\/div>\n<\/form>\n<\/div>\n[\/vc_column_inner][\/vc_row_inner][\/vc_column][\/vc_row][vc_row full_width=&#8221;stretch_row&#8221; css=&#8221;.vc_custom_1507928722963{padding-top: 10px !important;padding-bottom: 35px !important;background-color: #f9f9f9 !important;}&#8221;][vc_column][vc_column_text]<\/p>\n<h3 style=\"text-align: center;\">Na\u0161a firma sa stala sponzorom HC 07 DETVA\u00a0 na sez\u00f3nu 2017\/2018 TIPSPORT LIGA.<img loading=\"lazy\" decoding=\"async\" class=\"aligncenter wp-image-2783 size-thumbnail\" src=\"http:\/\/chlebotrans.sk\/wp-content\/uploads\/2017\/03\/14718889_1858492377714222_1849771424737277502_n-150x150.jpg\" alt=\"\" width=\"150\" height=\"150\" srcset=\"https:\/\/chlebotrans.sk\/wp-content\/uploads\/2017\/03\/14718889_1858492377714222_1849771424737277502_n-150x150.jpg 150w, https:\/\/chlebotrans.sk\/wp-content\/uploads\/2017\/03\/14718889_1858492377714222_1849771424737277502_n-125x125.jpg 125w, https:\/\/chlebotrans.sk\/wp-content\/uploads\/2017\/03\/14718889_1858492377714222_1849771424737277502_n.jpg 231w\" sizes=\"auto, (max-width: 150px) 100vw, 150px\" \/><\/h3>\n<p>[\/vc_column_text][\/vc_column][\/vc_row]<\/p>\n","protected":false},"excerpt":{"rendered":"<p>[vc_row full_width=&#8221;stretch_row_content_no_spaces&#8221;][vc_column][rev_slider_vc alias=&#8221;truck_press_slider_1&#8243;][\/vc_column][\/vc_row]<br \/>\n[vc_row full_width=&#8221;stretch_row&#8221; css=&#8221;.vc_custom_1490390855190{background-color: #fcfcfc !important;}&#8221;][vc_column][vc_empty_space height=&#8221;50px&#8221;][vc_row_inner][vc_column_inner width=&#8221;1\/3&#8243;][\/vc_column_inner][vc_column_inner width=&#8221;1\/3&#8243;][\/vc_column_inner][vc_column_inner width=&#8221;1\/3&#8243;][\/vc_column_inner][\/vc_row_inner][vc_empty_space height=&#8221;50px&#8221;][\/vc_column][\/vc_row][vc_row][vc_column width=&#8221;2\/3&#8243;][vc_empty_space height=&#8221;35px&#8221;][vc_row_inner][vc_column_inner][vc_column_text]<\/p>\n<p>Nov\u00e1 kombin\u00e1cia na expres<br \/>\nOdvezieme 5eu pal. 1,7t. \/max do v\u00fd\u0161ky pal.1,15m.<\/p>\n<p>[\/vc_column_text][vc_gallery type=&#8221;image_grid&#8221;<\/p>\n","protected":false},"author":1,"featured_media":0,"parent":0,"menu_order":0,"comment_status":"closed","ping_status":"closed","template":"template-homepage.php","meta":{"footnotes":""},"class_list":["post-2580","page","type-page","status-publish","hentry"],"translation":{"provider":"WPGlobus","version":"3.0.0","language":"de","enabled_languages":["sk","de","en"],"languages":{"sk":{"title":true,"content":true,"excerpt":false},"de":{"title":false,"content":false,"excerpt":false},"en":{"title":false,"content":true,"excerpt":false}}},"_links":{"self":[{"href":"https:\/\/chlebotrans.sk\/de\/wp-json\/wp\/v2\/pages\/2580","targetHints":{"allow":["GET"]}}],"collection":[{"href":"https:\/\/chlebotrans.sk\/de\/wp-json\/wp\/v2\/pages"}],"about":[{"href":"https:\/\/chlebotrans.sk\/de\/wp-json\/wp\/v2\/types\/page"}],"author":[{"embeddable":true,"href":"https:\/\/chlebotrans.sk\/de\/wp-json\/wp\/v2\/users\/1"}],"replies":[{"embeddable":true,"href":"https:\/\/chlebotrans.sk\/de\/wp-json\/wp\/v2\/comments?post=2580"}],"version-history":[{"count":101,"href":"https:\/\/chlebotrans.sk\/de\/wp-json\/wp\/v2\/pages\/2580\/revisions"}],"predecessor-version":[{"id":2917,"href":"https:\/\/chlebotrans.sk\/de\/wp-json\/wp\/v2\/pages\/2580\/revisions\/2917"}],"wp:attachment":[{"href":"https:\/\/chlebotrans.sk\/de\/wp-json\/wp\/v2\/media?parent=2580"}],"curies":[{"name":"wp","href":"https:\/\/api.w.org\/{rel}","templated":true}]}}