{"id":1581,"date":"2015-12-22T17:30:59","date_gmt":"2015-12-22T17:30:59","guid":{"rendered":"http:\/\/localhost\/truckpress\/?page_id=1581"},"modified":"2025-11-30T13:33:23","modified_gmt":"2025-11-30T12:33:23","slug":"o-nas","status":"publish","type":"page","link":"https:\/\/chlebotrans.sk\/de\/o-nas\/","title":{"rendered":"O n\u00e1s"},"content":{"rendered":"<p>[vc_row css=&#8221;.vc_custom_1490392950379{padding-top: 30px !important;padding-bottom: 60px !important;}&#8221;][vc_column][vc_row_inner css=&#8221;.vc_custom_1450813931806{padding-top: 35px !important;}&#8221;][vc_column_inner][vc_column_text]<\/p>\n<div class=\"text-about-basic\">\n<p>Na\u0161a spolo\u010dnos\u0165 za\u010dala svoju \u010dinnos\u0165 v roku 2003 pod n\u00e1zvom Vladim\u00edr Chlebo \u2013 Autodoprava.<\/p>\n<p>Od toho \u010dasu spolo\u010dnos\u0165 pre\u0161la rozsiahlymi zmenami, rozr\u00e1stla sa a pretransformovala na spolo\u010dnos\u0165 CHLEBO TRANS s.r.o.<\/p>\n<p>Vozov\u00fd park vytv\u00e1ra flotila \u00e1ut ( skri\u0148ov\u00e9 dod\u00e1vky + plachtov\u00e9 dod\u00e1vky) do 3,5 tony celkovej hmotnosti. Klient n\u00e1m zad\u00e1 objedn\u00e1vku prepravy a u\u017e sa o ni\u010d nestar\u00e1. Na\u0161i zamestnanci vedia r\u00fdchlo zvl\u00e1dnu\u0165 ak\u00fdko\u013evek probl\u00e9m.<\/p>\n<p>Dok\u00e1\u017eeme flexibilne reagova\u0165 na ak\u00fako\u013evek po\u017eiadavku klienta a v\u017edy sa prisp\u00f4sobujeme individu\u00e1lnym po\u017eiadavk\u00e1m na\u0161ich klientov. Na\u0161e ceny s\u00fa kone\u010dn\u00e9, preprava je poisten\u00e1 pod\u013ea CMR.<\/p>\n<p>Dok\u00e1\u017eeme V\u00e1m pon\u00faknu\u0165 vysok\u00fa \u00farove\u0148 slu\u017eieb za prijate\u013en\u00e9 ceny, flexibilitu, r\u00fdchlos\u0165, bezpe\u010dnos\u0165 a profesion\u00e1lny pr\u00edstup.<\/p>\n<p><strong>N\u00e1\u0161 cie\u013e je va\u0161a spokojnos\u0165.<\/strong><\/p>\n<\/div>\n<p>[\/vc_column_text][\/vc_column_inner][\/vc_row_inner][\/vc_column][\/vc_row][vc_row full_width=&#8221;stretch_row_content_no_spaces&#8221;][vc_column][vc_column_text]<div class=\"tp-support clearfix \">\n                <div class=\"container\">\n                    <div class=\"row\">\n                        <div class=\"col-md-3 col-sm-3 col-xs-12 clearfix tp-support-title\">\n                             <div class=\"tp-support-icon fa fa-phone\"><\/div>\n                            <h2>M\u00e1te ot\u00e1zky?<\/h2>\n                        <\/div>\n                        <div class=\"col-md-9 col-sm-9 col-xs-12 tp-support-content\">\n                            Kontaktujte n\u00e1s <span class=\"number\">+421 907 170 385<\/span>\n                            <div class=\"tp-support-link\"><a  href=\"http:\/\/chlebotrans.sk\/kontakt\/\" target=\"_blank\">Kontakt<\/a><\/div>\n                        <\/div>\n                     <\/div>\n                <\/div>\n            <\/div>[\/vc_column_text][\/vc_column][\/vc_row]<\/p>\n","protected":false},"excerpt":{"rendered":"<p>[vc_row css=&#8221;.vc_custom_1490392950379{padding-top: 30px !important;padding-bottom: 60px !important;}&#8221;][vc_column][vc_row_inner css=&#8221;.vc_custom_1450813931806{padding-top: 35px !important;}&#8221;][vc_column_inner][vc_column_text]<\/p>\n<p>Na\u0161a spolo\u010dnos\u0165 za\u010dala svoju \u010dinnos\u0165 v roku 2003 pod n\u00e1zvom Vladim\u00edr Chlebo \u2013 Autodoprava.<\/p>\n<p>Od toho \u010dasu spolo\u010dnos\u0165 pre\u0161la rozsiahlymi zmenami,<\/p>\n","protected":false},"author":1,"featured_media":0,"parent":0,"menu_order":0,"comment_status":"closed","ping_status":"closed","template":"template-full-width.php","meta":{"footnotes":""},"class_list":["post-1581","page","type-page","status-publish","hentry"],"translation":{"provider":"WPGlobus","version":"3.0.0","language":"de","enabled_languages":["sk","de","en"],"languages":{"sk":{"title":true,"content":true,"excerpt":false},"de":{"title":false,"content":false,"excerpt":false},"en":{"title":true,"content":true,"excerpt":false}}},"_links":{"self":[{"href":"https:\/\/chlebotrans.sk\/de\/wp-json\/wp\/v2\/pages\/1581","targetHints":{"allow":["GET"]}}],"collection":[{"href":"https:\/\/chlebotrans.sk\/de\/wp-json\/wp\/v2\/pages"}],"about":[{"href":"https:\/\/chlebotrans.sk\/de\/wp-json\/wp\/v2\/types\/page"}],"author":[{"embeddable":true,"href":"https:\/\/chlebotrans.sk\/de\/wp-json\/wp\/v2\/users\/1"}],"replies":[{"embeddable":true,"href":"https:\/\/chlebotrans.sk\/de\/wp-json\/wp\/v2\/comments?post=1581"}],"version-history":[{"count":19,"href":"https:\/\/chlebotrans.sk\/de\/wp-json\/wp\/v2\/pages\/1581\/revisions"}],"predecessor-version":[{"id":2539,"href":"https:\/\/chlebotrans.sk\/de\/wp-json\/wp\/v2\/pages\/1581\/revisions\/2539"}],"wp:attachment":[{"href":"https:\/\/chlebotrans.sk\/de\/wp-json\/wp\/v2\/media?parent=1581"}],"curies":[{"name":"wp","href":"https:\/\/api.w.org\/{rel}","templated":true}]}}